{"id":449,"date":"2021-03-26T06:32:21","date_gmt":"2021-03-26T05:32:21","guid":{"rendered":"https:\/\/www.peyratcognac.fr\/?page_id=449"},"modified":"2024-07-31T15:29:33","modified_gmt":"2024-07-31T13:29:33","slug":"legal-notice","status":"publish","type":"page","link":"https:\/\/www.peyratcognac.fr\/en\/legal-notice\/","title":{"rendered":"Legal Notice"},"content":{"rendered":"\n<h2 class=\"wp-block-heading\">OWNER, WEBSITE MANAGER<\/h2>\n\n\n\n<p>The website <a href=\"https:\/\/www.peyratcognac.fr\/en\/\">www.peyratcognac.fr<\/a> is published by :<\/p>\n\n\n\n<p> <p>Le site <a href=\"https:\/\/www.maisonpeyrat.fr\">www.maisonpeyrat.fr<\/a> est \u00e9dit\u00e9 par :<\/p><span style=\"font-size: revert; color: initial;\">PEYRAT ASSOCIES ET CIE<\/span><\/p>\n\n\n\n<p>7 avenue du G\u00e9n\u00e9ral Leclerc<\/p>\n\n\n\n<p><p>16100 Cognac &#8211; France<\/p><span style=\"font-size: revert; color: initial;\">T\u00e9l\u00e9phone :\u00a0<\/span><a style=\"font-size: revert;\" href=\"tel:0532920293\">+33 (0) 5 56 81 16 16<\/a>   <p><a href=\"mailto:maisonpeyrat@orange.fr\">maisonpeyrat@orange.fr<\/a><\/p><span style=\"font-size: revert; color: initial;\">Forme juridique\u00a0: Soci\u00e9t\u00e9 \u00e0 responsabilit\u00e9 limit\u00e9e<\/span>   <p>Num\u00e9ro de Siret\u00a0: 40389242500030<\/p><span style=\"font-size: revert; color: initial;\">Capital Social\u00a0: 26\u00a0550,00 Euros<\/span>    <\/p>\n\n\n\n<h2 class=\"wp-block-heading\">PUBLICATION DIRECTOR<\/h2>\n\n\n\n<p>The website\u2019s publication director is Cl\u00e9mence Peyrat.<\/p>\n\n\n\n<p><\/p>\n\n\n\n<h2 class=\"wp-block-heading\">HOSTING SERVICE<\/h2>\n\n\n\n<p>The website is hosted by:<\/p>\n\n\n\n<p>OVH, a simplified joint-stock company with a capital of ten million euros, listed on the Lille Metropole B Trade and Companies Register under the number 424 761 419, whose head office is at:<\/p>\n\n\n\n<p>2, rue Kellermann<br>BP 80157<br>59100 ROUBAIX<br>FRANCE<br>Telephone: 0 899 498 765<\/p>\n\n\n\n<p><\/p>\n\n\n\n<h2 class=\"wp-block-heading\">DESIGN AND PRODUCTION<\/h2>\n\n\n\n<p>The website www.cognacpeyrat.fr was designed by the&nbsp;<a href=\"https:\/\/www.mediacrossing.fr\/\">mediacrossing<\/a>&nbsp;agency:<\/p>\n\n\n\n<p><\/p>\n\n\n\n<h2 class=\"wp-block-heading\">PHOTO CREDITS<\/h2>\n\n\n\n<p><a href=\"file:\/\/\/C:\/Users\/Utilisateur\/AppData\/Local\/Microsoft\/Windows\/INetCache\/Content.Outlook\/WQG5UVQH\/mediacrossing\">Mediacrossing<\/a>&nbsp;agency \/ PEYRAT ASSOCIES ET CIE \/ Two In The Room<\/p>\n","protected":false},"excerpt":{"rendered":"<p>OWNER, WEBSITE MANAGER The website www.peyratcognac.fr is published by : Le site www.maisonpeyrat.fr est \u00e9dit\u00e9 par : PEYRAT ASSOCIES ET CIE 7 avenue du G\u00e9n\u00e9ral Leclerc 16100 Cognac &#8211; France T\u00e9l\u00e9phone :\u00a0+33 (0) 5 56 81 16 16 maisonpeyrat@orange.fr Forme juridique\u00a0: Soci\u00e9t\u00e9 \u00e0 responsabilit\u00e9 limit\u00e9e Num\u00e9ro de Siret\u00a0: 40389242500030 Capital Social\u00a0: 26\u00a0550,00 Euros PUBLICATION DIRECTOR [&hellip;]<\/p>\n","protected":false},"author":3,"featured_media":444,"parent":0,"menu_order":0,"comment_status":"closed","ping_status":"closed","template":"","meta":{"_acf_changed":false,"footnotes":""},"class_list":["post-449","page","type-page","status-publish","has-post-thumbnail","hentry"],"acf":[],"yoast_head":"<!-- This site is optimized with the Yoast SEO plugin v24.5 - https:\/\/yoast.com\/wordpress\/plugins\/seo\/ -->\n<title>Legal Notice - Cognac Peyrat<\/title>\n<meta name=\"robots\" content=\"noindex, follow\" \/>\n<meta property=\"og:locale\" content=\"en_US\" \/>\n<meta property=\"og:type\" content=\"article\" \/>\n<meta property=\"og:title\" content=\"Legal Notice - Cognac Peyrat\" \/>\n<meta property=\"og:description\" content=\"OWNER, WEBSITE MANAGER The website www.peyratcognac.fr is published by : Le site www.maisonpeyrat.fr est \u00e9dit\u00e9 par : PEYRAT ASSOCIES ET CIE 7 avenue du G\u00e9n\u00e9ral Leclerc 16100 Cognac &#8211; France T\u00e9l\u00e9phone :\u00a0+33 (0) 5 56 81 16 16 maisonpeyrat@orange.fr Forme juridique\u00a0: Soci\u00e9t\u00e9 \u00e0 responsabilit\u00e9 limit\u00e9e Num\u00e9ro de Siret\u00a0: 40389242500030 Capital Social\u00a0: 26\u00a0550,00 Euros PUBLICATION DIRECTOR [&hellip;]\" \/>\n<meta property=\"og:url\" content=\"https:\/\/www.peyratcognac.fr\/en\/legal-notice\/\" \/>\n<meta property=\"og:site_name\" content=\"Cognac Peyrat\" \/>\n<meta property=\"article:modified_time\" content=\"2024-07-31T13:29:33+00:00\" \/>\n<meta property=\"og:image\" content=\"https:\/\/www.peyratcognac.fr\/wp-content\/uploads\/sites\/3\/2021\/03\/Peyrat_Cognac_Jour_des_Macarons_carre-min-scaled.jpg\" \/>\n\t<meta property=\"og:image:width\" content=\"2560\" \/>\n\t<meta property=\"og:image:height\" content=\"2560\" \/>\n\t<meta property=\"og:image:type\" content=\"image\/jpeg\" \/>\n<meta name=\"twitter:card\" content=\"summary_large_image\" \/>\n<meta name=\"twitter:label1\" content=\"Est. reading time\" \/>\n\t<meta name=\"twitter:data1\" content=\"1 minute\" \/>\n<script type=\"application\/ld+json\" class=\"yoast-schema-graph\">{\"@context\":\"https:\/\/schema.org\",\"@graph\":[{\"@type\":\"WebPage\",\"@id\":\"https:\/\/www.peyratcognac.fr\/en\/legal-notice\/\",\"url\":\"https:\/\/www.peyratcognac.fr\/en\/legal-notice\/\",\"name\":\"Legal Notice - Cognac Peyrat\",\"isPartOf\":{\"@id\":\"https:\/\/www.peyratcognac.fr\/en\/#website\"},\"primaryImageOfPage\":{\"@id\":\"https:\/\/www.peyratcognac.fr\/en\/legal-notice\/#primaryimage\"},\"image\":{\"@id\":\"https:\/\/www.peyratcognac.fr\/en\/legal-notice\/#primaryimage\"},\"thumbnailUrl\":\"https:\/\/www.peyratcognac.fr\/wp-content\/uploads\/sites\/3\/2021\/03\/Peyrat_Cognac_Jour_des_Macarons_carre-min-scaled.jpg\",\"datePublished\":\"2021-03-26T05:32:21+00:00\",\"dateModified\":\"2024-07-31T13:29:33+00:00\",\"breadcrumb\":{\"@id\":\"https:\/\/www.peyratcognac.fr\/en\/legal-notice\/#breadcrumb\"},\"inLanguage\":\"en-US\",\"potentialAction\":[{\"@type\":\"ReadAction\",\"target\":[\"https:\/\/www.peyratcognac.fr\/en\/legal-notice\/\"]}]},{\"@type\":\"ImageObject\",\"inLanguage\":\"en-US\",\"@id\":\"https:\/\/www.peyratcognac.fr\/en\/legal-notice\/#primaryimage\",\"url\":\"https:\/\/www.peyratcognac.fr\/wp-content\/uploads\/sites\/3\/2021\/03\/Peyrat_Cognac_Jour_des_Macarons_carre-min-scaled.jpg\",\"contentUrl\":\"https:\/\/www.peyratcognac.fr\/wp-content\/uploads\/sites\/3\/2021\/03\/Peyrat_Cognac_Jour_des_Macarons_carre-min-scaled.jpg\",\"width\":2560,\"height\":2560},{\"@type\":\"BreadcrumbList\",\"@id\":\"https:\/\/www.peyratcognac.fr\/en\/legal-notice\/#breadcrumb\",\"itemListElement\":[{\"@type\":\"ListItem\",\"position\":1,\"name\":\"Accueil\",\"item\":\"https:\/\/www.peyratcognac.fr\/en\/\"},{\"@type\":\"ListItem\",\"position\":2,\"name\":\"Legal Notice\"}]},{\"@type\":\"WebSite\",\"@id\":\"https:\/\/www.peyratcognac.fr\/en\/#website\",\"url\":\"https:\/\/www.peyratcognac.fr\/en\/\",\"name\":\"Cognac Peyrat\",\"description\":\"Un site utilisant Les sites de Maison Peyrat\",\"potentialAction\":[{\"@type\":\"SearchAction\",\"target\":{\"@type\":\"EntryPoint\",\"urlTemplate\":\"https:\/\/www.peyratcognac.fr\/en\/?s={search_term_string}\"},\"query-input\":{\"@type\":\"PropertyValueSpecification\",\"valueRequired\":true,\"valueName\":\"search_term_string\"}}],\"inLanguage\":\"en-US\"}]}<\/script>\n<!-- \/ Yoast SEO plugin. -->","yoast_head_json":{"title":"Legal Notice - Cognac Peyrat","robots":{"index":"noindex","follow":"follow"},"og_locale":"en_US","og_type":"article","og_title":"Legal Notice - Cognac Peyrat","og_description":"OWNER, WEBSITE MANAGER The website www.peyratcognac.fr is published by : Le site www.maisonpeyrat.fr est \u00e9dit\u00e9 par : PEYRAT ASSOCIES ET CIE 7 avenue du G\u00e9n\u00e9ral Leclerc 16100 Cognac &#8211; France T\u00e9l\u00e9phone :\u00a0+33 (0) 5 56 81 16 16 maisonpeyrat@orange.fr Forme juridique\u00a0: Soci\u00e9t\u00e9 \u00e0 responsabilit\u00e9 limit\u00e9e Num\u00e9ro de Siret\u00a0: 40389242500030 Capital Social\u00a0: 26\u00a0550,00 Euros PUBLICATION DIRECTOR [&hellip;]","og_url":"https:\/\/www.peyratcognac.fr\/en\/legal-notice\/","og_site_name":"Cognac Peyrat","article_modified_time":"2024-07-31T13:29:33+00:00","og_image":[{"width":2560,"height":2560,"url":"https:\/\/www.peyratcognac.fr\/wp-content\/uploads\/sites\/3\/2021\/03\/Peyrat_Cognac_Jour_des_Macarons_carre-min-scaled.jpg","type":"image\/jpeg"}],"twitter_card":"summary_large_image","twitter_misc":{"Est. reading time":"1 minute"},"schema":{"@context":"https:\/\/schema.org","@graph":[{"@type":"WebPage","@id":"https:\/\/www.peyratcognac.fr\/en\/legal-notice\/","url":"https:\/\/www.peyratcognac.fr\/en\/legal-notice\/","name":"Legal Notice - Cognac Peyrat","isPartOf":{"@id":"https:\/\/www.peyratcognac.fr\/en\/#website"},"primaryImageOfPage":{"@id":"https:\/\/www.peyratcognac.fr\/en\/legal-notice\/#primaryimage"},"image":{"@id":"https:\/\/www.peyratcognac.fr\/en\/legal-notice\/#primaryimage"},"thumbnailUrl":"https:\/\/www.peyratcognac.fr\/wp-content\/uploads\/sites\/3\/2021\/03\/Peyrat_Cognac_Jour_des_Macarons_carre-min-scaled.jpg","datePublished":"2021-03-26T05:32:21+00:00","dateModified":"2024-07-31T13:29:33+00:00","breadcrumb":{"@id":"https:\/\/www.peyratcognac.fr\/en\/legal-notice\/#breadcrumb"},"inLanguage":"en-US","potentialAction":[{"@type":"ReadAction","target":["https:\/\/www.peyratcognac.fr\/en\/legal-notice\/"]}]},{"@type":"ImageObject","inLanguage":"en-US","@id":"https:\/\/www.peyratcognac.fr\/en\/legal-notice\/#primaryimage","url":"https:\/\/www.peyratcognac.fr\/wp-content\/uploads\/sites\/3\/2021\/03\/Peyrat_Cognac_Jour_des_Macarons_carre-min-scaled.jpg","contentUrl":"https:\/\/www.peyratcognac.fr\/wp-content\/uploads\/sites\/3\/2021\/03\/Peyrat_Cognac_Jour_des_Macarons_carre-min-scaled.jpg","width":2560,"height":2560},{"@type":"BreadcrumbList","@id":"https:\/\/www.peyratcognac.fr\/en\/legal-notice\/#breadcrumb","itemListElement":[{"@type":"ListItem","position":1,"name":"Accueil","item":"https:\/\/www.peyratcognac.fr\/en\/"},{"@type":"ListItem","position":2,"name":"Legal Notice"}]},{"@type":"WebSite","@id":"https:\/\/www.peyratcognac.fr\/en\/#website","url":"https:\/\/www.peyratcognac.fr\/en\/","name":"Cognac Peyrat","description":"Un site utilisant Les sites de Maison Peyrat","potentialAction":[{"@type":"SearchAction","target":{"@type":"EntryPoint","urlTemplate":"https:\/\/www.peyratcognac.fr\/en\/?s={search_term_string}"},"query-input":{"@type":"PropertyValueSpecification","valueRequired":true,"valueName":"search_term_string"}}],"inLanguage":"en-US"}]}},"_links":{"self":[{"href":"https:\/\/www.peyratcognac.fr\/en\/wp-json\/wp\/v2\/pages\/449","targetHints":{"allow":["GET"]}}],"collection":[{"href":"https:\/\/www.peyratcognac.fr\/en\/wp-json\/wp\/v2\/pages"}],"about":[{"href":"https:\/\/www.peyratcognac.fr\/en\/wp-json\/wp\/v2\/types\/page"}],"author":[{"embeddable":true,"href":"https:\/\/www.peyratcognac.fr\/en\/wp-json\/wp\/v2\/users\/3"}],"replies":[{"embeddable":true,"href":"https:\/\/www.peyratcognac.fr\/en\/wp-json\/wp\/v2\/comments?post=449"}],"version-history":[{"count":5,"href":"https:\/\/www.peyratcognac.fr\/en\/wp-json\/wp\/v2\/pages\/449\/revisions"}],"predecessor-version":[{"id":645,"href":"https:\/\/www.peyratcognac.fr\/en\/wp-json\/wp\/v2\/pages\/449\/revisions\/645"}],"wp:featuredmedia":[{"embeddable":true,"href":"https:\/\/www.peyratcognac.fr\/en\/wp-json\/wp\/v2\/media\/444"}],"wp:attachment":[{"href":"https:\/\/www.peyratcognac.fr\/en\/wp-json\/wp\/v2\/media?parent=449"}],"curies":[{"name":"wp","href":"https:\/\/api.w.org\/{rel}","templated":true}]}}